{"id":988427,"date":"2024-09-21T13:23:28","date_gmt":"2024-09-21T10:23:28","guid":{"rendered":"https:\/\/www.wizutech.com\/?page_id=988427"},"modified":"2024-10-15T00:28:25","modified_gmt":"2024-10-14T21:28:25","slug":"small-medium-enterprises","status":"publish","type":"page","link":"https:\/\/www.wizutech.com\/tr\/kucuk-orta-isletmeler-smes\/","title":{"rendered":"K\u00fc\u00e7\u00fck ve Orta \u00d6l\u00e7ekli \u0130\u015fletmeler (KOB\u0130'ler)"},"content":{"rendered":"<div data-elementor-type=\"wp-page\" data-elementor-id=\"988427\" class=\"elementor elementor-988427\" data-elementor-post-type=\"page\">\n\t\t\t\t<div class=\"elementor-element elementor-element-a7bbb9a e-flex e-con-boxed e-con e-parent\" data-id=\"a7bbb9a\" data-element_type=\"container\" data-e-type=\"container\">\n\t\t\t\t\t<div class=\"e-con-inner\">\n\t\t\t\t<div class=\"elementor-element elementor-element-503f32e animated-slow elementor-invisible elementor-widget elementor-widget-heading\" data-id=\"503f32e\" data-element_type=\"widget\" data-e-type=\"widget\" data-settings=\"{&quot;_animation&quot;:&quot;fadeIn&quot;,&quot;_animation_tablet&quot;:&quot;none&quot;}\" data-widget_type=\"heading.default\">\n\t\t\t\t<div class=\"elementor-widget-container\">\n\t\t\t\t\t<h1 class=\"elementor-heading-title elementor-size-default\">K\u00fc\u00e7\u00fck ve Orta \u00d6l\u00e7ekli \u0130\u015fletmeler (KOB\u0130'ler)<\/h1>\t\t\t\t<\/div>\n\t\t\t\t<\/div>\n\t\t\t\t\t<\/div>\n\t\t\t\t<\/div>\n\t\t<div class=\"elementor-element elementor-element-937bea8 e-flex e-con-boxed e-con e-parent\" data-id=\"937bea8\" data-element_type=\"container\" data-e-type=\"container\">\n\t\t\t\t\t<div class=\"e-con-inner\">\n\t\t\t\t<div class=\"elementor-element elementor-element-311b5f6 animated-slow elementor-invisible elementor-widget elementor-widget-heading\" data-id=\"311b5f6\" data-element_type=\"widget\" data-e-type=\"widget\" data-settings=\"{&quot;_animation&quot;:&quot;fadeIn&quot;,&quot;_animation_tablet&quot;:&quot;none&quot;,&quot;_animation_delay&quot;:300}\" data-widget_type=\"heading.default\">\n\t\t\t\t<div class=\"elementor-widget-container\">\n\t\t\t\t\t<p class=\"elementor-heading-title elementor-size-default\">G\u00fcvenilir ve verimli teknoloji \u00e7\u00f6z\u00fcmlerimizle i\u015finizi yeni zirvelere ta\u015f\u0131y\u0131n.<br><\/p>\t\t\t\t<\/div>\n\t\t\t\t<\/div>\n\t\t\t\t<div class=\"vamtam-has-theme-widget-styles elementor-element elementor-element-a97d0ab elementor-widget__width-auto elementor-widget-mobile__width-inherit elementor-widget-tablet__width-auto elementor-align-center elementor-widget elementor-widget-button\" data-id=\"a97d0ab\" data-element_type=\"widget\" data-e-type=\"widget\" data-widget_type=\"button.default\">\n\t\t\t\t<div class=\"elementor-widget-container\">\n\t\t\t\t\t\t\t\t\t<div class=\"elementor-button-wrapper\">\n\t\t\t\t\t<a class=\"elementor-button elementor-button-link elementor-size-sm\" href=\"#form\">\n\t\t\t\t\t\t<span class=\"elementor-button-content-wrapper\">\n\t\t\t\t\t\t\t\t\t<span class=\"elementor-button-text\">\u00dccretsiz dan\u0131\u015fmanl\u0131k al\u0131n<\/span>\n\t\t\t\t\t<\/span>\n\t\t\t\t\t<\/a>\n\t\t\t\t<\/div>\n\t\t\t\t\t\t\t\t<\/div>\n\t\t\t\t<\/div>\n\t\t\t\t\t<\/div>\n\t\t\t\t<\/div>\n\t\t<div class=\"elementor-element elementor-element-a8af725 e-flex e-con-boxed e-con e-parent\" data-id=\"a8af725\" data-element_type=\"container\" data-e-type=\"container\">\n\t\t\t\t\t<div class=\"e-con-inner\">\n\t\t\t\t<div class=\"elementor-element elementor-element-bef4f2b elementor-widget elementor-widget-image\" data-id=\"bef4f2b\" data-element_type=\"widget\" data-e-type=\"widget\" data-widget_type=\"image.default\">\n\t\t\t\t<div class=\"elementor-widget-container\">\n\t\t\t\t\t\t\t\t\t\t\t\t\t\t\t<img loading=\"lazy\" decoding=\"async\" width=\"2560\" height=\"600\" src=\"https:\/\/www.wizutech.com\/wp-content\/uploads\/2024\/10\/Small-Medium-Enterprises.webp\" class=\"attachment-full size-full wp-image-989454\" alt=\"K\u00fc\u00e7\u00fck ve Orta \u00d6l\u00e7ekli \u0130\u015fletmeler\" srcset=\"https:\/\/www.wizutech.com\/wp-content\/uploads\/2024\/10\/Small-Medium-Enterprises.webp 2560w, https:\/\/www.wizutech.com\/wp-content\/uploads\/2024\/10\/Small-Medium-Enterprises-300x70.webp 300w, https:\/\/www.wizutech.com\/wp-content\/uploads\/2024\/10\/Small-Medium-Enterprises-1024x240.webp 1024w, https:\/\/www.wizutech.com\/wp-content\/uploads\/2024\/10\/Small-Medium-Enterprises-768x180.webp 768w, https:\/\/www.wizutech.com\/wp-content\/uploads\/2024\/10\/Small-Medium-Enterprises-1536x360.webp 1536w, https:\/\/www.wizutech.com\/wp-content\/uploads\/2024\/10\/Small-Medium-Enterprises-2048x480.webp 2048w, https:\/\/www.wizutech.com\/wp-content\/uploads\/2024\/10\/Small-Medium-Enterprises-18x4.webp 18w, https:\/\/www.wizutech.com\/wp-content\/uploads\/2024\/10\/Small-Medium-Enterprises-1280x300.webp 1280w, https:\/\/www.wizutech.com\/wp-content\/uploads\/2024\/10\/Small-Medium-Enterprises-60x14.webp 60w, https:\/\/www.wizutech.com\/wp-content\/uploads\/2024\/10\/Small-Medium-Enterprises-110x26.webp 110w, https:\/\/www.wizutech.com\/wp-content\/uploads\/2024\/10\/Small-Medium-Enterprises-640x150.webp 640w\" sizes=\"auto, (max-width: 2560px) 100vw, 2560px\" \/>\t\t\t\t\t\t\t\t\t\t\t\t\t\t\t<\/div>\n\t\t\t\t<\/div>\n\t\t\t\t\t<\/div>\n\t\t\t\t<\/div>\n\t\t\t\t<section class=\"elementor-section elementor-top-section elementor-element elementor-element-230b70a0 elementor-section-boxed elementor-section-height-default elementor-section-height-default\" data-id=\"230b70a0\" data-element_type=\"section\" data-e-type=\"section\">\n\t\t\t\t\t\t<div class=\"elementor-container elementor-column-gap-no\">\n\t\t\t\t\t<div class=\"elementor-column elementor-col-100 elementor-top-column elementor-element elementor-element-561b9e22\" data-id=\"561b9e22\" data-element_type=\"column\" data-e-type=\"column\">\n\t\t\t<div class=\"elementor-widget-wrap elementor-element-populated\">\n\t\t\t\t\t\t<div class=\"elementor-element elementor-element-3ecb4dc3 elementor-widget elementor-widget-text-editor\" data-id=\"3ecb4dc3\" data-element_type=\"widget\" data-e-type=\"widget\" data-widget_type=\"text-editor.default\">\n\t\t\t\t<div class=\"elementor-widget-container\">\n\t\t\t\t\t\t\t\t\t<p><a href=\"https:\/\/en.wikipedia.org\/wiki\/Small_and_medium-sized_enterprises\">KOB\u0130'ler<\/a> bir\u00e7ok sekt\u00f6r i\u00e7in hayati \u00f6nem ta\u015f\u0131r ve teknoloji bu sekt\u00f6rlerin b\u00fcy\u00fcmesinde kilit rol oynar. Wizutech, operasyonlar\u0131 d\u00fczene sokmaya ve daha iyi hale getirmeye yard\u0131mc\u0131 olmak i\u00e7in \u00f6zel dijital \u00e7\u00f6z\u00fcmler sunar. <a href=\"https:\/\/www.wizutech.com\/tr\/cozumler\/kazanc-verimlilik\/\">verimlilik<\/a>. Ba\u015far\u0131 i\u00e7in tasarlanm\u0131\u015f \u00f6l\u00e7eklenebilir BT hizmetleri ile i\u015finizi destekleyelim.<\/p>\t\t\t\t\t\t\t\t<\/div>\n\t\t\t\t<\/div>\n\t\t\t\t\t<\/div>\n\t\t<\/div>\n\t\t\t\t\t<\/div>\n\t\t<\/section>\n\t\t\t\t<section class=\"elementor-section elementor-top-section elementor-element elementor-element-54ae7c8f elementor-section-items-stretch elementor-section-content-bottom elementor-section-height-min-height elementor-section-boxed elementor-section-height-default\" data-id=\"54ae7c8f\" data-element_type=\"section\" data-e-type=\"section\">\n\t\t\t\t\t\t<div class=\"elementor-container elementor-column-gap-no\">\n\t\t\t\t\t<div class=\"elementor-column elementor-col-50 elementor-top-column elementor-element elementor-element-275d8382\" data-id=\"275d8382\" data-element_type=\"column\" data-e-type=\"column\" data-settings=\"{&quot;background_background&quot;:&quot;classic&quot;}\">\n\t\t\t<div class=\"elementor-widget-wrap elementor-element-populated\">\n\t\t\t\t\t\t<div class=\"elementor-element elementor-element-445f707c elementor-widget elementor-widget-spacer\" data-id=\"445f707c\" data-element_type=\"widget\" data-e-type=\"widget\" data-widget_type=\"spacer.default\">\n\t\t\t\t<div class=\"elementor-widget-container\">\n\t\t\t\t\t\t\t<div class=\"elementor-spacer\">\n\t\t\t<div class=\"elementor-spacer-inner\"><\/div>\n\t\t<\/div>\n\t\t\t\t\t\t<\/div>\n\t\t\t\t<\/div>\n\t\t\t\t\t<\/div>\n\t\t<\/div>\n\t\t\t\t<div class=\"elementor-column elementor-col-50 elementor-top-column elementor-element elementor-element-267bdbb5\" data-id=\"267bdbb5\" data-element_type=\"column\" data-e-type=\"column\">\n\t\t\t<div class=\"elementor-widget-wrap elementor-element-populated\">\n\t\t\t\t\t\t<div class=\"elementor-element elementor-element-13afe15a elementor-widget-mobile__width-inherit elementor-widget elementor-widget-heading\" data-id=\"13afe15a\" data-element_type=\"widget\" data-e-type=\"widget\" data-widget_type=\"heading.default\">\n\t\t\t\t<div class=\"elementor-widget-container\">\n\t\t\t\t\t<h2 class=\"elementor-heading-title elementor-size-default\">K\u00fc\u00e7\u00fck ve Orta \u00d6l\u00e7ekli \u0130\u015fletmelerin Dijital \u00c7\u00f6z\u00fcmlerle G\u00fc\u00e7lendirilmesi<\/h2>\t\t\t\t<\/div>\n\t\t\t\t<\/div>\n\t\t\t\t<div class=\"elementor-element elementor-element-958d051 elementor-widget-mobile__width-inherit elementor-widget elementor-widget-text-editor\" data-id=\"958d051\" data-element_type=\"widget\" data-e-type=\"widget\" data-widget_type=\"text-editor.default\">\n\t\t\t\t<div class=\"elementor-widget-container\">\n\t\t\t\t\t\t\t\t\t<p>G\u00fcn\u00fcm\u00fcz\u00fcn rekabet\u00e7i ortam\u0131nda, KOB\u0130'ler operasyonlar\u0131n\u0131 \u00f6l\u00e7eklendirmek ve rekabet\u00e7i kalmak i\u00e7in teknolojiye b\u00fcy\u00fck \u00f6l\u00e7\u00fcde g\u00fcveniyor. Wizutech olarak, s\u00fcre\u00e7leri kolayla\u015ft\u0131ran, \u00fcretkenli\u011fi art\u0131ran ve b\u00fcy\u00fcmeyi destekleyen \u00f6zel dijital \u00e7\u00f6z\u00fcmler sunma konusunda uzman\u0131z. Bulut tabanl\u0131 hizmetlerden geli\u015fmi\u015f siber g\u00fcvenli\u011fe kadar, BT \u00e7\u00f6z\u00fcmlerimiz KOB\u0130'lerin benzersiz ihtiya\u00e7lar\u0131n\u0131 kar\u015f\u0131lamak i\u00e7in tasarlanm\u0131\u015ft\u0131r ve dijital \u00f6ncelikli bir d\u00fcnyada daha b\u00fcy\u00fck i\u015fletmelerle rekabet edebilecek ara\u00e7lara sahip olmalar\u0131n\u0131 sa\u011flar. \u00d6l\u00e7eklenebilir, verimli ve g\u00fcvenilir teknoloji \u00e7\u00f6z\u00fcmleriyle i\u015fletmenizin geli\u015fmesine yard\u0131mc\u0131 olal\u0131m.<\/p>\t\t\t\t\t\t\t\t<\/div>\n\t\t\t\t<\/div>\n\t\t\t\t\t<\/div>\n\t\t<\/div>\n\t\t\t\t\t<\/div>\n\t\t<\/section>\n\t\t\t\t<section class=\"elementor-section elementor-top-section elementor-element elementor-element-29073a33 elementor-section-boxed elementor-section-height-default elementor-section-height-default\" data-id=\"29073a33\" data-element_type=\"section\" data-e-type=\"section\">\n\t\t\t\t\t\t<div class=\"elementor-container elementor-column-gap-no\">\n\t\t\t\t\t<div class=\"elementor-column elementor-col-50 elementor-top-column elementor-element elementor-element-5f6bde04\" data-id=\"5f6bde04\" data-element_type=\"column\" data-e-type=\"column\">\n\t\t\t<div class=\"elementor-widget-wrap elementor-element-populated\">\n\t\t\t\t\t\t<div class=\"elementor-element elementor-element-3a334c9e elementor-widget elementor-widget-heading\" data-id=\"3a334c9e\" data-element_type=\"widget\" data-e-type=\"widget\" data-widget_type=\"heading.default\">\n\t\t\t\t<div class=\"elementor-widget-container\">\n\t\t\t\t\t<h2 class=\"elementor-heading-title elementor-size-default\">Kolayla\u015ft\u0131r\u0131lm\u0131\u015f BT \u00c7\u00f6z\u00fcmleri<br> \u00d6l\u00e7ekli KOB\u0130'ler i\u00e7in\n\n<\/h2>\t\t\t\t<\/div>\n\t\t\t\t<\/div>\n\t\t\t\t\t<\/div>\n\t\t<\/div>\n\t\t\t\t<div class=\"elementor-column elementor-col-50 elementor-top-column elementor-element elementor-element-3b670c35 elementor-hidden-tablet elementor-hidden-mobile\" data-id=\"3b670c35\" data-element_type=\"column\" data-e-type=\"column\">\n\t\t\t<div class=\"elementor-widget-wrap\">\n\t\t\t\t\t\t\t<\/div>\n\t\t<\/div>\n\t\t\t\t\t<\/div>\n\t\t<\/section>\n\t\t\t\t<section class=\"elementor-section elementor-top-section elementor-element elementor-element-55f4ada0 elementor-section-boxed elementor-section-height-default elementor-section-height-default\" data-id=\"55f4ada0\" data-element_type=\"section\" data-e-type=\"section\">\n\t\t\t\t\t\t<div class=\"elementor-container elementor-column-gap-no\">\n\t\t\t\t\t<div class=\"elementor-column elementor-col-33 elementor-top-column elementor-element elementor-element-15a1efe0\" data-id=\"15a1efe0\" data-element_type=\"column\" data-e-type=\"column\">\n\t\t\t<div class=\"elementor-widget-wrap elementor-element-populated\">\n\t\t\t\t\t\t<div class=\"elementor-element elementor-element-1dc69e2e elementor-widget elementor-widget-text-editor\" data-id=\"1dc69e2e\" data-element_type=\"widget\" data-e-type=\"widget\" data-widget_type=\"text-editor.default\">\n\t\t\t\t<div class=\"elementor-widget-container\">\n\t\t\t\t\t\t\t\t\t<p>\u0130\u015f ak\u0131\u015f\u0131n\u0131z\u0131 bozan teknoloji sorunlar\u0131n\u0131 gidermek i\u00e7in ne kadar zaman harc\u0131yorsunuz? Yava\u015f sistemler veya ba\u011flant\u0131 sorunlar\u0131 nedeniyle ne kadar \u00fcretkenlik kaybediliyor? Wizutech'te, bu darbo\u011fazlar\u0131 ortadan kald\u0131ran \u00e7\u00f6z\u00fcmler sunuyoruz, b\u00f6ylece i\u015finizi kesintisiz y\u00fcr\u00fctmeye odaklanabilirsiniz.<\/p><p>\u00a0<\/p>\t\t\t\t\t\t\t\t<\/div>\n\t\t\t\t<\/div>\n\t\t\t\t\t<\/div>\n\t\t<\/div>\n\t\t\t\t<div class=\"elementor-column elementor-col-33 elementor-top-column elementor-element elementor-element-a9149aa\" data-id=\"a9149aa\" data-element_type=\"column\" data-e-type=\"column\">\n\t\t\t<div class=\"elementor-widget-wrap\">\n\t\t\t\t\t\t\t<\/div>\n\t\t<\/div>\n\t\t\t\t<div class=\"elementor-column elementor-col-33 elementor-top-column elementor-element elementor-element-4e663350\" data-id=\"4e663350\" data-element_type=\"column\" data-e-type=\"column\">\n\t\t\t<div class=\"elementor-widget-wrap elementor-element-populated\">\n\t\t\t\t\t\t<div class=\"elementor-element elementor-element-4565cb00 elementor-widget elementor-widget-text-editor\" data-id=\"4565cb00\" data-element_type=\"widget\" data-e-type=\"widget\" data-widget_type=\"text-editor.default\">\n\t\t\t\t<div class=\"elementor-widget-container\">\n\t\t\t\t\t\t\t\t\t<div class=\"flex max-w-full flex-col flex-grow\"><div class=\"min-h-[20px] text-message flex w-full flex-col items-end gap-2 whitespace-normal break-words [.text-message+&amp;]:mt-5\" dir=\"auto\" data-message-author-role=\"assistant\" data-message-id=\"ecc8424f-ff05-449e-9fcd-894634723503\"><div class=\"flex w-full flex-col gap-1 empty:hidden first:pt-[3px]\"><div class=\"markdown prose w-full break-words dark:prose-invert dark\"><p>Yerinde BT uzmanlar\u0131m\u0131z ihtiya\u00e7 duyuldu\u011funda her zaman haz\u0131rd\u0131r ve kurulumdan s\u00fcrekli bak\u0131ma kadar her \u015feyi ger\u00e7ekle\u015ftirir. Verimlili\u011fi art\u0131ran ve dijital ekonomide rekabet\u00e7i kalman\u0131za yard\u0131mc\u0131 olan en son teknoloji \u00e7\u00f6z\u00fcmlerini entegre ederek sistemlerinizin sorunsuz \u00e7al\u0131\u015fmas\u0131n\u0131 sa\u011fl\u0131yoruz.<\/p><\/div><\/div><\/div><\/div><div class=\"mb-2 flex gap-3 empty:hidden -ml-2\"><div class=\"items-center justify-start rounded-xl p-1 flex\"><div class=\"flex items-center\"><div class=\"flex items-center pb-0\">\u00a0<\/div><\/div><\/div><\/div>\t\t\t\t\t\t\t\t<\/div>\n\t\t\t\t<\/div>\n\t\t\t\t\t<\/div>\n\t\t<\/div>\n\t\t\t\t\t<\/div>\n\t\t<\/section>\n\t\t\t\t<section class=\"elementor-section elementor-top-section elementor-element elementor-element-45a44092 elementor-section-boxed elementor-section-height-default elementor-section-height-default\" data-id=\"45a44092\" data-element_type=\"section\" data-e-type=\"section\">\n\t\t\t\t\t\t<div class=\"elementor-container elementor-column-gap-no\">\n\t\t\t\t\t<div class=\"elementor-column elementor-col-100 elementor-top-column elementor-element elementor-element-3d9c5af\" data-id=\"3d9c5af\" data-element_type=\"column\" data-e-type=\"column\" data-settings=\"{&quot;background_background&quot;:&quot;classic&quot;,&quot;background_motion_fx_motion_fx_scrolling&quot;:&quot;yes&quot;,&quot;background_motion_fx_translateX_effect&quot;:&quot;yes&quot;,&quot;background_motion_fx_translateX_speed&quot;:{&quot;unit&quot;:&quot;px&quot;,&quot;size&quot;:3,&quot;sizes&quot;:[]},&quot;background_motion_fx_devices&quot;:[&quot;desktop&quot;],&quot;background_motion_fx_translateX_affectedRange&quot;:{&quot;unit&quot;:&quot;%&quot;,&quot;size&quot;:&quot;&quot;,&quot;sizes&quot;:{&quot;start&quot;:0,&quot;end&quot;:100}}}\">\n\t\t\t<div class=\"elementor-widget-wrap elementor-element-populated\">\n\t\t\t\t\t\t<div class=\"elementor-element elementor-element-1a8dfdd elementor-widget elementor-widget-heading\" data-id=\"1a8dfdd\" data-element_type=\"widget\" data-e-type=\"widget\" data-widget_type=\"heading.default\">\n\t\t\t\t<div class=\"elementor-widget-container\">\n\t\t\t\t\t<h2 class=\"elementor-heading-title elementor-size-default\">\u00dcreticiler i\u00e7in Kapsaml\u0131 BT Hizmetleri<\/h2>\t\t\t\t<\/div>\n\t\t\t\t<\/div>\n\t\t\t\t<div class=\"elementor-element elementor-element-2293c0c7 elementor-widget__width-initial elementor-widget-mobile__width-inherit elementor-icon-list--layout-traditional elementor-list-item-link-full_width elementor-widget elementor-widget-icon-list\" data-id=\"2293c0c7\" data-element_type=\"widget\" data-e-type=\"widget\" data-widget_type=\"icon-list.default\">\n\t\t\t\t<div class=\"elementor-widget-container\">\n\t\t\t\t\t\t\t<ul class=\"elementor-icon-list-items\">\n\t\t\t\t\t\t\t<li class=\"elementor-icon-list-item\">\n\t\t\t\t\t\t\t\t\t\t\t<span class=\"elementor-icon-list-icon\">\n\t\t\t\t\t\t\t<i aria-hidden=\"true\" class=\"vamtamtheme- vamtam-theme-check-box\"><\/i>\t\t\t\t\t\t<\/span>\n\t\t\t\t\t\t\t\t\t\t<span class=\"elementor-icon-list-text\">7\/24, AB tabanl\u0131 yard\u0131m masas\u0131<\/span>\n\t\t\t\t\t\t\t\t\t<\/li>\n\t\t\t\t\t\t\t\t<li class=\"elementor-icon-list-item\">\n\t\t\t\t\t\t\t\t\t\t\t<span class=\"elementor-icon-list-icon\">\n\t\t\t\t\t\t\t<i aria-hidden=\"true\" class=\"vamtamtheme- vamtam-theme-check-box\"><\/i>\t\t\t\t\t\t<\/span>\n\t\t\t\t\t\t\t\t\t\t<span class=\"elementor-icon-list-text\">Geli\u015fmi\u015f sistem tasar\u0131m\u0131 ve a\u011f olu\u015fturma<\/span>\n\t\t\t\t\t\t\t\t\t<\/li>\n\t\t\t\t\t\t\t\t<li class=\"elementor-icon-list-item\">\n\t\t\t\t\t\t\t\t\t\t\t<span class=\"elementor-icon-list-icon\">\n\t\t\t\t\t\t\t<i aria-hidden=\"true\" class=\"vamtamtheme- vamtam-theme-check-box\"><\/i>\t\t\t\t\t\t<\/span>\n\t\t\t\t\t\t\t\t\t\t<span class=\"elementor-icon-list-text\">Yaz\u0131l\u0131m lisans y\u00f6netimi \u00e7\u00f6z\u00fcmleri<\/span>\n\t\t\t\t\t\t\t\t\t<\/li>\n\t\t\t\t\t\t\t\t<li class=\"elementor-icon-list-item\">\n\t\t\t\t\t\t\t\t\t\t\t<span class=\"elementor-icon-list-icon\">\n\t\t\t\t\t\t\t<i aria-hidden=\"true\" class=\"vamtamtheme- vamtam-theme-check-box\"><\/i>\t\t\t\t\t\t<\/span>\n\t\t\t\t\t\t\t\t\t\t<span class=\"elementor-icon-list-text\">Donan\u0131m tedariki ve envanter takibi<\/span>\n\t\t\t\t\t\t\t\t\t<\/li>\n\t\t\t\t\t\t<\/ul>\n\t\t\t\t\t\t<\/div>\n\t\t\t\t<\/div>\n\t\t\t\t<div class=\"elementor-element elementor-element-7be57f8f elementor-widget__width-initial elementor-widget-mobile__width-inherit elementor-icon-list--layout-traditional elementor-list-item-link-full_width elementor-widget elementor-widget-icon-list\" data-id=\"7be57f8f\" data-element_type=\"widget\" data-e-type=\"widget\" data-widget_type=\"icon-list.default\">\n\t\t\t\t<div class=\"elementor-widget-container\">\n\t\t\t\t\t\t\t<ul class=\"elementor-icon-list-items\">\n\t\t\t\t\t\t\t<li class=\"elementor-icon-list-item\">\n\t\t\t\t\t\t\t\t\t\t\t<span class=\"elementor-icon-list-icon\">\n\t\t\t\t\t\t\t<i aria-hidden=\"true\" class=\"vamtamtheme- vamtam-theme-check-box\"><\/i>\t\t\t\t\t\t<\/span>\n\t\t\t\t\t\t\t\t\t\t<span class=\"elementor-icon-list-text\">Kablolama ve telefon sistemi kurulumu<\/span>\n\t\t\t\t\t\t\t\t\t<\/li>\n\t\t\t\t\t\t\t\t<li class=\"elementor-icon-list-item\">\n\t\t\t\t\t\t\t\t\t\t\t<span class=\"elementor-icon-list-icon\">\n\t\t\t\t\t\t\t<i aria-hidden=\"true\" class=\"vamtamtheme- vamtam-theme-check-box\"><\/i>\t\t\t\t\t\t<\/span>\n\t\t\t\t\t\t\t\t\t\t<span class=\"elementor-icon-list-text\">Yerinde sistem bak\u0131m\u0131 ve deste\u011fi<\/span>\n\t\t\t\t\t\t\t\t\t<\/li>\n\t\t\t\t\t\t\t\t<li class=\"elementor-icon-list-item\">\n\t\t\t\t\t\t\t\t\t\t\t<span class=\"elementor-icon-list-icon\">\n\t\t\t\t\t\t\t<i aria-hidden=\"true\" class=\"vamtamtheme- vamtam-theme-check-box\"><\/i>\t\t\t\t\t\t<\/span>\n\t\t\t\t\t\t\t\t\t\t<span class=\"elementor-icon-list-text\">A\u011f ve sunucu altyap\u0131s\u0131 y\u00f6netimi<\/span>\n\t\t\t\t\t\t\t\t\t<\/li>\n\t\t\t\t\t\t\t\t<li class=\"elementor-icon-list-item\">\n\t\t\t\t\t\t\t\t\t\t\t<span class=\"elementor-icon-list-icon\">\n\t\t\t\t\t\t\t<i aria-hidden=\"true\" class=\"vamtamtheme- vamtam-theme-check-box\"><\/i>\t\t\t\t\t\t<\/span>\n\t\t\t\t\t\t\t\t\t\t<span class=\"elementor-icon-list-text\">NIST ve CMMC uyumlu siber g\u00fcvenlik<\/span>\n\t\t\t\t\t\t\t\t\t<\/li>\n\t\t\t\t\t\t<\/ul>\n\t\t\t\t\t\t<\/div>\n\t\t\t\t<\/div>\n\t\t\t\t\t<\/div>\n\t\t<\/div>\n\t\t\t\t\t<\/div>\n\t\t<\/section>\n\t\t\t\t<section class=\"elementor-section elementor-top-section elementor-element elementor-element-47baa378 elementor-section-items-stretch elementor-section-content-bottom elementor-section-height-min-height elementor-section-boxed elementor-section-height-default\" data-id=\"47baa378\" data-element_type=\"section\" data-e-type=\"section\">\n\t\t\t\t\t\t<div class=\"elementor-container elementor-column-gap-no\">\n\t\t\t\t\t<div class=\"elementor-column elementor-col-50 elementor-top-column elementor-element elementor-element-1f92f6d3\" data-id=\"1f92f6d3\" data-element_type=\"column\" data-e-type=\"column\">\n\t\t\t<div class=\"elementor-widget-wrap elementor-element-populated\">\n\t\t\t\t\t\t<div class=\"elementor-element elementor-element-7b593b25 elementor-widget-mobile__width-inherit elementor-widget elementor-widget-heading\" data-id=\"7b593b25\" data-element_type=\"widget\" data-e-type=\"widget\" data-widget_type=\"heading.default\">\n\t\t\t\t<div class=\"elementor-widget-container\">\n\t\t\t\t\t<h2 class=\"elementor-heading-title elementor-size-default\">KOB\u0130'nizi Son Teknoloji Dijital \u00c7\u00f6z\u00fcmlerle \u00d6l\u00e7eklendirin\n\n<\/h2>\t\t\t\t<\/div>\n\t\t\t\t<\/div>\n\t\t\t\t<div class=\"elementor-element elementor-element-2c597170 elementor-widget-mobile__width-inherit elementor-widget elementor-widget-text-editor\" data-id=\"2c597170\" data-element_type=\"widget\" data-e-type=\"widget\" data-widget_type=\"text-editor.default\">\n\t\t\t\t<div class=\"elementor-widget-container\">\n\t\t\t\t\t\t\t\t\t<div class=\"flex max-w-full flex-col flex-grow\"><div class=\"min-h-[20px] text-message flex w-full flex-col items-end gap-2 whitespace-normal break-words [.text-message+&amp;]:mt-5\" dir=\"auto\" data-message-author-role=\"assistant\" data-message-id=\"c46b8216-5273-456b-88bf-f9deb0163545\"><div class=\"flex w-full flex-col gap-1 empty:hidden first:pt-[3px]\"><div class=\"markdown prose w-full break-words dark:prose-invert dark\"><p>\u00d6zel dijital hizmetlerimizle KOB\u0130'lerin operasyonlar\u0131n\u0131 kolayla\u015ft\u0131rmalar\u0131na, verimli bir \u015fekilde \u00f6l\u00e7eklendirmelerine ve g\u00fcn\u00fcm\u00fcz\u00fcn teknoloji odakl\u0131 pazar\u0131nda rekabet etmelerine yard\u0131mc\u0131 oluyoruz. \u0130\u015f ak\u0131\u015flar\u0131n\u0131 optimize etmekten \u00f6l\u00e7eklenebilir \u00e7\u00f6z\u00fcmleri entegre etmeye kadar, i\u015fletmenizin BT zahmetine girmeden b\u00fcy\u00fcmeye haz\u0131r olmas\u0131n\u0131 sa\u011fl\u0131yoruz. Teknolojiyi biz y\u00f6netelim, siz de en \u00f6nemli \u015feye, yani i\u015finizi ileriye ta\u015f\u0131maya odaklan\u0131n.<\/p><\/div><\/div><\/div><\/div>\t\t\t\t\t\t\t\t<\/div>\n\t\t\t\t<\/div>\n\t\t\t\t<div class=\"vamtam-has-theme-widget-styles elementor-element elementor-element-ed194de elementor-widget__width-auto elementor-widget-mobile__width-inherit elementor-widget-tablet__width-auto elementor-widget elementor-widget-button\" data-id=\"ed194de\" data-element_type=\"widget\" data-e-type=\"widget\" data-widget_type=\"button.default\">\n\t\t\t\t<div class=\"elementor-widget-container\">\n\t\t\t\t\t\t\t\t\t<div class=\"elementor-button-wrapper\">\n\t\t\t\t\t<a class=\"elementor-button elementor-button-link elementor-size-sm\" href=\"#form\">\n\t\t\t\t\t\t<span class=\"elementor-button-content-wrapper\">\n\t\t\t\t\t\t\t\t\t<span class=\"elementor-button-text\">\u00dccretsiz dan\u0131\u015fmanl\u0131k al\u0131n<\/span>\n\t\t\t\t\t<\/span>\n\t\t\t\t\t<\/a>\n\t\t\t\t<\/div>\n\t\t\t\t\t\t\t\t<\/div>\n\t\t\t\t<\/div>\n\t\t\t\t\t<\/div>\n\t\t<\/div>\n\t\t\t\t<div class=\"elementor-column elementor-col-50 elementor-top-column elementor-element elementor-element-54941baa\" data-id=\"54941baa\" data-element_type=\"column\" data-e-type=\"column\" data-settings=\"{&quot;background_background&quot;:&quot;classic&quot;}\">\n\t\t\t<div class=\"elementor-widget-wrap elementor-element-populated\">\n\t\t\t\t\t\t<div class=\"elementor-element elementor-element-e346993 elementor-widget elementor-widget-spacer\" data-id=\"e346993\" data-element_type=\"widget\" data-e-type=\"widget\" data-widget_type=\"spacer.default\">\n\t\t\t\t<div class=\"elementor-widget-container\">\n\t\t\t\t\t\t\t<div class=\"elementor-spacer\">\n\t\t\t<div class=\"elementor-spacer-inner\"><\/div>\n\t\t<\/div>\n\t\t\t\t\t\t<\/div>\n\t\t\t\t<\/div>\n\t\t\t\t\t<\/div>\n\t\t<\/div>\n\t\t\t\t\t<\/div>\n\t\t<\/section>\n\t\t\t\t<\/div>","protected":false},"excerpt":{"rendered":"<p>K\u00fc\u00e7\u00fck ve Orta \u00d6l\u00e7ekli \u0130\u015fletmeler (KOB\u0130'ler) G\u00fcvenilir ve verimli teknoloji \u00e7\u00f6z\u00fcmlerimizle i\u015finizi yeni zirvelere ta\u015f\u0131y\u0131n. \u00dccretsiz dan\u0131\u015fmanl\u0131k al\u0131n KOB\u0130'ler bir\u00e7ok sekt\u00f6r i\u00e7in hayati \u00f6neme sahiptir ve teknoloji b\u00fcy\u00fcmelerinin anahtar\u0131d\u0131r. Wizutech, operasyonlar\u0131 kolayla\u015ft\u0131rmaya ve verimlili\u011fi art\u0131rmaya yard\u0131mc\u0131 olmak i\u00e7in \u00f6zel dijital \u00e7\u00f6z\u00fcmler sunar. \u0130\u015fletmenizi \u00f6l\u00e7eklenebilir BT \u00e7\u00f6z\u00fcmleriyle destekleyelim...<\/p>","protected":false},"author":14,"featured_media":0,"parent":0,"menu_order":0,"comment_status":"closed","ping_status":"closed","template":"","meta":{"footnotes":""},"class_list":["post-988427","page","type-page","status-publish","hentry"],"_links":{"self":[{"href":"https:\/\/www.wizutech.com\/tr\/wp-json\/wp\/v2\/pages\/988427","targetHints":{"allow":["GET"]}}],"collection":[{"href":"https:\/\/www.wizutech.com\/tr\/wp-json\/wp\/v2\/pages"}],"about":[{"href":"https:\/\/www.wizutech.com\/tr\/wp-json\/wp\/v2\/types\/page"}],"author":[{"embeddable":true,"href":"https:\/\/www.wizutech.com\/tr\/wp-json\/wp\/v2\/users\/14"}],"replies":[{"embeddable":true,"href":"https:\/\/www.wizutech.com\/tr\/wp-json\/wp\/v2\/comments?post=988427"}],"version-history":[{"count":28,"href":"https:\/\/www.wizutech.com\/tr\/wp-json\/wp\/v2\/pages\/988427\/revisions"}],"predecessor-version":[{"id":989615,"href":"https:\/\/www.wizutech.com\/tr\/wp-json\/wp\/v2\/pages\/988427\/revisions\/989615"}],"wp:attachment":[{"href":"https:\/\/www.wizutech.com\/tr\/wp-json\/wp\/v2\/media?parent=988427"}],"curies":[{"name":"wp","href":"https:\/\/api.w.org\/{rel}","templated":true}]}}