{"id":988334,"date":"2024-09-20T22:15:13","date_gmt":"2024-09-20T19:15:13","guid":{"rendered":"https:\/\/www.wizutech.com\/?page_id=988334"},"modified":"2024-10-14T20:54:06","modified_gmt":"2024-10-14T17:54:06","slug":"e-commerce","status":"publish","type":"page","link":"https:\/\/www.wizutech.com\/tr\/e-ticaret\/","title":{"rendered":"E-Ticaret"},"content":{"rendered":"<div data-elementor-type=\"wp-page\" data-elementor-id=\"988334\" class=\"elementor elementor-988334\" data-elementor-post-type=\"page\">\n\t\t\t\t<div class=\"elementor-element elementor-element-165206f e-flex e-con-boxed e-con e-parent\" data-id=\"165206f\" data-element_type=\"container\" data-e-type=\"container\">\n\t\t\t\t\t<div class=\"e-con-inner\">\n\t\t\t\t<div class=\"elementor-element elementor-element-5c3d6cc animated-slow elementor-invisible elementor-widget elementor-widget-heading\" data-id=\"5c3d6cc\" data-element_type=\"widget\" data-e-type=\"widget\" data-settings=\"{&quot;_animation&quot;:&quot;fadeIn&quot;,&quot;_animation_tablet&quot;:&quot;none&quot;}\" data-widget_type=\"heading.default\">\n\t\t\t\t<div class=\"elementor-widget-container\">\n\t\t\t\t\t<h1 class=\"elementor-heading-title elementor-size-default\">E-Ticaret<\/h1>\t\t\t\t<\/div>\n\t\t\t\t<\/div>\n\t\t\t\t<div class=\"elementor-element elementor-element-7f39b36 animated-slow elementor-invisible elementor-widget elementor-widget-heading\" data-id=\"7f39b36\" data-element_type=\"widget\" data-e-type=\"widget\" data-settings=\"{&quot;_animation&quot;:&quot;fadeIn&quot;,&quot;_animation_tablet&quot;:&quot;none&quot;,&quot;_animation_delay&quot;:300}\" data-widget_type=\"heading.default\">\n\t\t\t\t<div class=\"elementor-widget-container\">\n\t\t\t\t\t<p class=\"elementor-heading-title elementor-size-default\">G\u00fcvenilir ve verimli teknoloji \u00e7\u00f6z\u00fcmlerimizle i\u015finizi yeni zirvelere ta\u015f\u0131y\u0131n.<\/p>\t\t\t\t<\/div>\n\t\t\t\t<\/div>\n\t\t\t\t<div class=\"vamtam-has-theme-widget-styles elementor-element elementor-element-b733063 elementor-widget__width-auto elementor-widget-mobile__width-inherit elementor-widget-tablet__width-auto elementor-align-center elementor-widget elementor-widget-button\" data-id=\"b733063\" data-element_type=\"widget\" data-e-type=\"widget\" data-widget_type=\"button.default\">\n\t\t\t\t<div class=\"elementor-widget-container\">\n\t\t\t\t\t\t\t\t\t<div class=\"elementor-button-wrapper\">\n\t\t\t\t\t<a class=\"elementor-button elementor-button-link elementor-size-sm\" href=\"#form\">\n\t\t\t\t\t\t<span class=\"elementor-button-content-wrapper\">\n\t\t\t\t\t\t\t\t\t<span class=\"elementor-button-text\">\u00dccretsiz dan\u0131\u015fmanl\u0131k al\u0131n<\/span>\n\t\t\t\t\t<\/span>\n\t\t\t\t\t<\/a>\n\t\t\t\t<\/div>\n\t\t\t\t\t\t\t\t<\/div>\n\t\t\t\t<\/div>\n\t\t\t\t\t<\/div>\n\t\t\t\t<\/div>\n\t\t<div class=\"elementor-element elementor-element-886c960 e-flex e-con-boxed e-con e-parent\" data-id=\"886c960\" data-element_type=\"container\" data-e-type=\"container\">\n\t\t\t\t\t<div class=\"e-con-inner\">\n\t\t\t\t<div class=\"elementor-element elementor-element-28f1dfd elementor-widget elementor-widget-image\" data-id=\"28f1dfd\" data-element_type=\"widget\" data-e-type=\"widget\" data-widget_type=\"image.default\">\n\t\t\t\t<div class=\"elementor-widget-container\">\n\t\t\t\t\t\t\t\t\t\t\t\t\t\t\t<img loading=\"lazy\" decoding=\"async\" width=\"2560\" height=\"600\" src=\"https:\/\/www.wizutech.com\/wp-content\/uploads\/2024\/10\/E-Commerce-3.webp\" class=\"attachment-full size-full wp-image-989428\" alt=\"\" srcset=\"https:\/\/www.wizutech.com\/wp-content\/uploads\/2024\/10\/E-Commerce-3.webp 2560w, https:\/\/www.wizutech.com\/wp-content\/uploads\/2024\/10\/E-Commerce-3-300x70.webp 300w, https:\/\/www.wizutech.com\/wp-content\/uploads\/2024\/10\/E-Commerce-3-1024x240.webp 1024w, https:\/\/www.wizutech.com\/wp-content\/uploads\/2024\/10\/E-Commerce-3-768x180.webp 768w, https:\/\/www.wizutech.com\/wp-content\/uploads\/2024\/10\/E-Commerce-3-1536x360.webp 1536w, https:\/\/www.wizutech.com\/wp-content\/uploads\/2024\/10\/E-Commerce-3-2048x480.webp 2048w, https:\/\/www.wizutech.com\/wp-content\/uploads\/2024\/10\/E-Commerce-3-18x4.webp 18w, https:\/\/www.wizutech.com\/wp-content\/uploads\/2024\/10\/E-Commerce-3-1280x300.webp 1280w, https:\/\/www.wizutech.com\/wp-content\/uploads\/2024\/10\/E-Commerce-3-60x14.webp 60w, https:\/\/www.wizutech.com\/wp-content\/uploads\/2024\/10\/E-Commerce-3-110x26.webp 110w, https:\/\/www.wizutech.com\/wp-content\/uploads\/2024\/10\/E-Commerce-3-640x150.webp 640w\" sizes=\"auto, (max-width: 2560px) 100vw, 2560px\" \/>\t\t\t\t\t\t\t\t\t\t\t\t\t\t\t<\/div>\n\t\t\t\t<\/div>\n\t\t\t\t\t<\/div>\n\t\t\t\t<\/div>\n\t\t<div class=\"elementor-element elementor-element-80e0342 e-flex e-con-boxed e-con e-parent\" data-id=\"80e0342\" data-element_type=\"container\" data-e-type=\"container\">\n\t\t\t\t\t<div class=\"e-con-inner\">\n\t\t\t\t<div class=\"elementor-element elementor-element-37092bd elementor-widget elementor-widget-text-editor\" data-id=\"37092bd\" data-element_type=\"widget\" data-e-type=\"widget\" data-widget_type=\"text-editor.default\">\n\t\t\t\t<div class=\"elementor-widget-container\">\n\t\t\t\t\t\t\t\t\t<div class=\"flex max-w-full flex-col flex-grow\"><div class=\"min-h-[20px] text-message flex w-full flex-col items-end gap-2 whitespace-normal break-words [.text-message+&amp;]:mt-5\" dir=\"auto\" data-message-author-role=\"assistant\" data-message-id=\"e910ba4b-d2a8-44d0-a536-a4dd1d7603ea\"><div class=\"flex w-full flex-col gap-1 empty:hidden first:pt-[3px]\"><div class=\"markdown prose w-full break-words dark:prose-invert dark\"><p>Wizutech, i\u015finizi kolayla\u015ft\u0131rmak i\u00e7in \u00f6zel platform y\u00f6netimi, g\u00fcvenli \u00f6deme entegrasyonlar\u0131 ve veri odakl\u0131 stratejiler sa\u011flayan \u00e7evrimi\u00e7i \u00e7\u00f6z\u00fcmlerde g\u00fcvenilir orta\u011f\u0131n\u0131zd\u0131r. Amac\u0131m\u0131z operasyonlar\u0131n\u0131z\u0131 geli\u015ftirmek, sat\u0131\u015flar\u0131n\u0131z\u0131 art\u0131rmak ve size \u00e7ok de\u011ferli zaman ve para tasarrufu sa\u011flamakt\u0131r.<\/p><\/div><\/div><\/div><\/div>\t\t\t\t\t\t\t\t<\/div>\n\t\t\t\t<\/div>\n\t\t\t\t\t<\/div>\n\t\t\t\t<\/div>\n\t\t<div class=\"elementor-element elementor-element-f4d73ec e-flex e-con-boxed e-con e-parent\" data-id=\"f4d73ec\" data-element_type=\"container\" data-e-type=\"container\">\n\t\t\t\t\t<div class=\"e-con-inner\">\n\t\t\t\t\t<\/div>\n\t\t\t\t<\/div>\n\t\t\t\t<section class=\"elementor-section elementor-top-section elementor-element elementor-element-10d44996 elementor-section-items-stretch elementor-section-content-bottom elementor-section-height-min-height elementor-section-boxed elementor-section-height-default\" data-id=\"10d44996\" data-element_type=\"section\" data-e-type=\"section\">\n\t\t\t\t\t\t<div class=\"elementor-container elementor-column-gap-no\">\n\t\t\t\t\t<div class=\"elementor-column elementor-col-50 elementor-top-column elementor-element elementor-element-6d2967f9\" data-id=\"6d2967f9\" data-element_type=\"column\" data-e-type=\"column\" data-settings=\"{&quot;background_background&quot;:&quot;classic&quot;}\">\n\t\t\t<div class=\"elementor-widget-wrap elementor-element-populated\">\n\t\t\t\t\t\t<div class=\"elementor-element elementor-element-f149fa6 elementor-widget elementor-widget-spacer\" data-id=\"f149fa6\" data-element_type=\"widget\" data-e-type=\"widget\" data-widget_type=\"spacer.default\">\n\t\t\t\t<div class=\"elementor-widget-container\">\n\t\t\t\t\t\t\t<div class=\"elementor-spacer\">\n\t\t\t<div class=\"elementor-spacer-inner\"><\/div>\n\t\t<\/div>\n\t\t\t\t\t\t<\/div>\n\t\t\t\t<\/div>\n\t\t\t\t\t<\/div>\n\t\t<\/div>\n\t\t\t\t<div class=\"elementor-column elementor-col-50 elementor-top-column elementor-element elementor-element-2b7b6c55\" data-id=\"2b7b6c55\" data-element_type=\"column\" data-e-type=\"column\">\n\t\t\t<div class=\"elementor-widget-wrap elementor-element-populated\">\n\t\t\t\t\t\t<div class=\"elementor-element elementor-element-a69f3c2 elementor-widget-mobile__width-inherit elementor-widget elementor-widget-heading\" data-id=\"a69f3c2\" data-element_type=\"widget\" data-e-type=\"widget\" data-widget_type=\"heading.default\">\n\t\t\t\t<div class=\"elementor-widget-container\">\n\t\t\t\t\t<h2 class=\"elementor-heading-title elementor-size-default\">E-Ticaret Geni\u015flemesi<\/h2>\t\t\t\t<\/div>\n\t\t\t\t<\/div>\n\t\t\t\t<div class=\"elementor-element elementor-element-24f3ff90 elementor-widget-mobile__width-inherit elementor-widget elementor-widget-text-editor\" data-id=\"24f3ff90\" data-element_type=\"widget\" data-e-type=\"widget\" data-widget_type=\"text-editor.default\">\n\t\t\t\t<div class=\"elementor-widget-container\">\n\t\t\t\t\t\t\t\t\t<p>Dijital ticaretin g\u00fcc\u00fcnden yararlan\u0131n <a href=\"https:\/\/www.wizutech.com\/tr\/\">Wizutech<\/a>. Kapsaml\u0131 e-ticaret hizmetlerimiz, i\u015fletmelerin B2C genelinde t\u00fcketicilerle sorunsuz bir \u015fekilde ba\u011flant\u0131 kurmas\u0131n\u0131 sa\u011flar, <a href=\"https:\/\/en.wikipedia.org\/wiki\/Business-to-business#:~:text=In%20B2B%20there%20are%20business,are%20expectations%20rather%20than%20needs.\">B2B<\/a>ve D2C platformlar\u0131. \u0130ster mevcut bir sistemi geli\u015ftirmek ister yeni bir \u00e7evrimi\u00e7i vitrin olu\u015fturmak istiyor olun, \u00f6l\u00e7eklenebilirlik, g\u00fcvenlik ve ola\u011fan\u00fcst\u00fc kullan\u0131c\u0131 deneyimi i\u00e7in tasarlanm\u0131\u015f \u00f6zel \u00e7\u00f6z\u00fcmler sunuyoruz. G\u00fcvenli \u00f6deme a\u011f ge\u00e7itlerinden optimize edilmi\u015f \u00fcr\u00fcn sayfalar\u0131na kadar Wizutech, dijital vitrininizin sorunsuz ve verimli bir \u015fekilde \u00e7al\u0131\u015fmas\u0131n\u0131 sa\u011flayarak markan\u0131z\u0131 b\u00fcy\u00fctmeye ve yeni pazarlara ula\u015fmaya odaklanman\u0131za olanak tan\u0131r.<\/p>\t\t\t\t\t\t\t\t<\/div>\n\t\t\t\t<\/div>\n\t\t\t\t\t<\/div>\n\t\t<\/div>\n\t\t\t\t\t<\/div>\n\t\t<\/section>\n\t\t\t\t<section class=\"elementor-section elementor-top-section elementor-element elementor-element-38c994cd elementor-section-boxed elementor-section-height-default elementor-section-height-default\" data-id=\"38c994cd\" data-element_type=\"section\" data-e-type=\"section\">\n\t\t\t\t\t\t<div class=\"elementor-container elementor-column-gap-no\">\n\t\t\t\t\t<div class=\"elementor-column elementor-col-50 elementor-top-column elementor-element elementor-element-1c9aeac1\" data-id=\"1c9aeac1\" data-element_type=\"column\" data-e-type=\"column\">\n\t\t\t<div class=\"elementor-widget-wrap elementor-element-populated\">\n\t\t\t\t\t\t<div class=\"elementor-element elementor-element-2053b49c elementor-widget elementor-widget-heading\" data-id=\"2053b49c\" data-element_type=\"widget\" data-e-type=\"widget\" data-widget_type=\"heading.default\">\n\t\t\t\t<div class=\"elementor-widget-container\">\n\t\t\t\t\t<h2 class=\"elementor-heading-title elementor-size-default\">Geni\u015f \u00d6l\u00e7ekte Sunulan E-ticaret \u00c7\u00f6z\u00fcmleri<\/h2>\t\t\t\t<\/div>\n\t\t\t\t<\/div>\n\t\t\t\t\t<\/div>\n\t\t<\/div>\n\t\t\t\t<div class=\"elementor-column elementor-col-50 elementor-top-column elementor-element elementor-element-5ee918dc elementor-hidden-tablet elementor-hidden-mobile\" data-id=\"5ee918dc\" data-element_type=\"column\" data-e-type=\"column\">\n\t\t\t<div class=\"elementor-widget-wrap\">\n\t\t\t\t\t\t\t<\/div>\n\t\t<\/div>\n\t\t\t\t\t<\/div>\n\t\t<\/section>\n\t\t\t\t<section class=\"elementor-section elementor-top-section elementor-element elementor-element-16a20585 elementor-section-boxed elementor-section-height-default elementor-section-height-default\" data-id=\"16a20585\" data-element_type=\"section\" data-e-type=\"section\">\n\t\t\t\t\t\t<div class=\"elementor-container elementor-column-gap-no\">\n\t\t\t\t\t<div class=\"elementor-column elementor-col-33 elementor-top-column elementor-element elementor-element-6fb729c2\" data-id=\"6fb729c2\" data-element_type=\"column\" data-e-type=\"column\">\n\t\t\t<div class=\"elementor-widget-wrap elementor-element-populated\">\n\t\t\t\t\t\t<div class=\"elementor-element elementor-element-7b64756f elementor-widget elementor-widget-text-editor\" data-id=\"7b64756f\" data-element_type=\"widget\" data-e-type=\"widget\" data-widget_type=\"text-editor.default\">\n\t\t\t\t<div class=\"elementor-widget-container\">\n\t\t\t\t\t\t\t\t\t<p>D\u00fc\u015f\u00fck performans g\u00f6sterdiklerinde platformlar\u0131 d\u00fczeltmek i\u00e7in ne kadar zaman harc\u0131yorsunuz? Yava\u015f web sitesi h\u0131z\u0131 veya k\u00f6t\u00fc kullan\u0131c\u0131 deneyimi nedeniyle ka\u00e7 sat\u0131\u015f kaybediyorsunuz? \u00c7\u00f6z\u00fcmlerimizle, b\u00fcy\u00fcmenizi yava\u015flat\u0131yor olabilecek bu sorunlar\u0131 \u00e7\u00f6zebiliriz.<\/p>\t\t\t\t\t\t\t\t<\/div>\n\t\t\t\t<\/div>\n\t\t\t\t\t<\/div>\n\t\t<\/div>\n\t\t\t\t<div class=\"elementor-column elementor-col-33 elementor-top-column elementor-element elementor-element-766d70be\" data-id=\"766d70be\" data-element_type=\"column\" data-e-type=\"column\">\n\t\t\t<div class=\"elementor-widget-wrap\">\n\t\t\t\t\t\t\t<\/div>\n\t\t<\/div>\n\t\t\t\t<div class=\"elementor-column elementor-col-33 elementor-top-column elementor-element elementor-element-16a24bf1\" data-id=\"16a24bf1\" data-element_type=\"column\" data-e-type=\"column\">\n\t\t\t<div class=\"elementor-widget-wrap elementor-element-populated\">\n\t\t\t\t\t\t<div class=\"elementor-element elementor-element-79407379 elementor-widget elementor-widget-text-editor\" data-id=\"79407379\" data-element_type=\"widget\" data-e-type=\"widget\" data-widget_type=\"text-editor.default\">\n\t\t\t\t<div class=\"elementor-widget-container\">\n\t\t\t\t\t\t\t\t\t<div class=\"flex max-w-full flex-col flex-grow\"><div class=\"min-h-[20px] text-message flex w-full flex-col items-end gap-2 whitespace-normal break-words [.text-message+&amp;]:mt-5\" dir=\"auto\" data-message-author-role=\"assistant\" data-message-id=\"5ac9ec42-6b0c-4f27-99df-e15fc96dec90\"><div class=\"flex w-full flex-col gap-1 empty:hidden first:pt-[3px]\"><div class=\"markdown prose w-full break-words dark:prose-invert dark\"><p>Yerinde uzmanlar\u0131m\u0131z, \u00fcr\u00fcn y\u00f6netiminden \u00f6deme a\u011f ge\u00e7itlerine kadar platform kurulumlar\u0131n\u0131 ger\u00e7ekle\u015ftirir. En \u00fcst d\u00fczey donan\u0131m, yaz\u0131l\u0131m ve a\u011f \u00e7\u00f6z\u00fcmleriyle sorunsuz operasyonlar sa\u011flayarak \u00fcretkenli\u011fi ve \u00e7evrimi\u00e7i sat\u0131\u015flar\u0131 art\u0131r\u0131yoruz.<\/p><\/div><\/div><\/div><\/div>\t\t\t\t\t\t\t\t<\/div>\n\t\t\t\t<\/div>\n\t\t\t\t\t<\/div>\n\t\t<\/div>\n\t\t\t\t\t<\/div>\n\t\t<\/section>\n\t\t\t\t<section class=\"elementor-section elementor-top-section elementor-element elementor-element-300d3a5f elementor-section-boxed elementor-section-height-default elementor-section-height-default\" data-id=\"300d3a5f\" data-element_type=\"section\" data-e-type=\"section\">\n\t\t\t\t\t\t<div class=\"elementor-container elementor-column-gap-no\">\n\t\t\t\t\t<div class=\"elementor-column elementor-col-100 elementor-top-column elementor-element elementor-element-52894e4b\" data-id=\"52894e4b\" data-element_type=\"column\" data-e-type=\"column\" data-settings=\"{&quot;background_background&quot;:&quot;classic&quot;,&quot;background_motion_fx_motion_fx_scrolling&quot;:&quot;yes&quot;,&quot;background_motion_fx_translateX_effect&quot;:&quot;yes&quot;,&quot;background_motion_fx_translateX_speed&quot;:{&quot;unit&quot;:&quot;px&quot;,&quot;size&quot;:3,&quot;sizes&quot;:[]},&quot;background_motion_fx_devices&quot;:[&quot;desktop&quot;],&quot;background_motion_fx_translateX_affectedRange&quot;:{&quot;unit&quot;:&quot;%&quot;,&quot;size&quot;:&quot;&quot;,&quot;sizes&quot;:{&quot;start&quot;:0,&quot;end&quot;:100}}}\">\n\t\t\t<div class=\"elementor-widget-wrap elementor-element-populated\">\n\t\t\t\t\t\t<div class=\"elementor-element elementor-element-481192c1 elementor-widget elementor-widget-heading\" data-id=\"481192c1\" data-element_type=\"widget\" data-e-type=\"widget\" data-widget_type=\"heading.default\">\n\t\t\t\t<div class=\"elementor-widget-container\">\n\t\t\t\t\t<h2 class=\"elementor-heading-title elementor-size-default\">\u00dcreticiler i\u00e7in BT hizmetlerimiz<\/h2>\t\t\t\t<\/div>\n\t\t\t\t<\/div>\n\t\t\t\t<div class=\"elementor-element elementor-element-29cbf952 elementor-widget__width-initial elementor-widget-mobile__width-inherit elementor-icon-list--layout-traditional elementor-list-item-link-full_width elementor-widget elementor-widget-icon-list\" data-id=\"29cbf952\" data-element_type=\"widget\" data-e-type=\"widget\" data-widget_type=\"icon-list.default\">\n\t\t\t\t<div class=\"elementor-widget-container\">\n\t\t\t\t\t\t\t<ul class=\"elementor-icon-list-items\">\n\t\t\t\t\t\t\t<li class=\"elementor-icon-list-item\">\n\t\t\t\t\t\t\t\t\t\t\t<span class=\"elementor-icon-list-icon\">\n\t\t\t\t\t\t\t<i aria-hidden=\"true\" class=\"vamtamtheme- vamtam-theme-check-box\"><\/i>\t\t\t\t\t\t<\/span>\n\t\t\t\t\t\t\t\t\t\t<span class=\"elementor-icon-list-text\">7\/24 E-ticaret Destek Masas\u0131<\/span>\n\t\t\t\t\t\t\t\t\t<\/li>\n\t\t\t\t\t\t\t\t<li class=\"elementor-icon-list-item\">\n\t\t\t\t\t\t\t\t\t\t\t<span class=\"elementor-icon-list-icon\">\n\t\t\t\t\t\t\t<i aria-hidden=\"true\" class=\"vamtamtheme- vamtam-theme-check-box\"><\/i>\t\t\t\t\t\t<\/span>\n\t\t\t\t\t\t\t\t\t\t<span class=\"elementor-icon-list-text\">\u00d6zel Web Sitesi Tasar\u0131m\u0131 ve Geli\u015ftirme<\/span>\n\t\t\t\t\t\t\t\t\t<\/li>\n\t\t\t\t\t\t\t\t<li class=\"elementor-icon-list-item\">\n\t\t\t\t\t\t\t\t\t\t\t<span class=\"elementor-icon-list-icon\">\n\t\t\t\t\t\t\t<i aria-hidden=\"true\" class=\"vamtamtheme- vamtam-theme-check-box\"><\/i>\t\t\t\t\t\t<\/span>\n\t\t\t\t\t\t\t\t\t\t<span class=\"elementor-icon-list-text\">Envanter Y\u00f6netimi \u00c7\u00f6z\u00fcmleri<\/span>\n\t\t\t\t\t\t\t\t\t<\/li>\n\t\t\t\t\t\t\t\t<li class=\"elementor-icon-list-item\">\n\t\t\t\t\t\t\t\t\t\t\t<span class=\"elementor-icon-list-icon\">\n\t\t\t\t\t\t\t<i aria-hidden=\"true\" class=\"vamtamtheme- vamtam-theme-check-box\"><\/i>\t\t\t\t\t\t<\/span>\n\t\t\t\t\t\t\t\t\t\t<span class=\"elementor-icon-list-text\">\u00d6deme Ge\u00e7idi Entegrasyonu<\/span>\n\t\t\t\t\t\t\t\t\t<\/li>\n\t\t\t\t\t\t<\/ul>\n\t\t\t\t\t\t<\/div>\n\t\t\t\t<\/div>\n\t\t\t\t<div class=\"elementor-element elementor-element-45159ed4 elementor-widget__width-initial elementor-widget-mobile__width-inherit elementor-icon-list--layout-traditional elementor-list-item-link-full_width elementor-widget elementor-widget-icon-list\" data-id=\"45159ed4\" data-element_type=\"widget\" data-e-type=\"widget\" data-widget_type=\"icon-list.default\">\n\t\t\t\t<div class=\"elementor-widget-container\">\n\t\t\t\t\t\t\t<ul class=\"elementor-icon-list-items\">\n\t\t\t\t\t\t\t<li class=\"elementor-icon-list-item\">\n\t\t\t\t\t\t\t\t\t\t\t<span class=\"elementor-icon-list-icon\">\n\t\t\t\t\t\t\t<i aria-hidden=\"true\" class=\"vamtamtheme- vamtam-theme-check-box\"><\/i>\t\t\t\t\t\t<\/span>\n\t\t\t\t\t\t\t\t\t\t<span class=\"elementor-icon-list-text\">SEO &amp; Dijital Pazarlama Hizmetleri<\/span>\n\t\t\t\t\t\t\t\t\t<\/li>\n\t\t\t\t\t\t\t\t<li class=\"elementor-icon-list-item\">\n\t\t\t\t\t\t\t\t\t\t\t<span class=\"elementor-icon-list-icon\">\n\t\t\t\t\t\t\t<i aria-hidden=\"true\" class=\"vamtamtheme- vamtam-theme-check-box\"><\/i>\t\t\t\t\t\t<\/span>\n\t\t\t\t\t\t\t\t\t\t<span class=\"elementor-icon-list-text\">Bulut Bar\u0131nd\u0131rma ve \u00d6l\u00e7eklenebilirlik \u00c7\u00f6z\u00fcmleri<\/span>\n\t\t\t\t\t\t\t\t\t<\/li>\n\t\t\t\t\t\t\t\t<li class=\"elementor-icon-list-item\">\n\t\t\t\t\t\t\t\t\t\t\t<span class=\"elementor-icon-list-icon\">\n\t\t\t\t\t\t\t<i aria-hidden=\"true\" class=\"vamtamtheme- vamtam-theme-check-box\"><\/i>\t\t\t\t\t\t<\/span>\n\t\t\t\t\t\t\t\t\t\t<span class=\"elementor-icon-list-text\">G\u00fcvenlik ve Uyumluluk<\/span>\n\t\t\t\t\t\t\t\t\t<\/li>\n\t\t\t\t\t\t\t\t<li class=\"elementor-icon-list-item\">\n\t\t\t\t\t\t\t\t\t\t\t<span class=\"elementor-icon-list-icon\">\n\t\t\t\t\t\t\t<i aria-hidden=\"true\" class=\"vamtamtheme- vamtam-theme-check-box\"><\/i>\t\t\t\t\t\t<\/span>\n\t\t\t\t\t\t\t\t\t\t<span class=\"elementor-icon-list-text\">Mobil Optimizasyon<\/span>\n\t\t\t\t\t\t\t\t\t<\/li>\n\t\t\t\t\t\t<\/ul>\n\t\t\t\t\t\t<\/div>\n\t\t\t\t<\/div>\n\t\t\t\t\t<\/div>\n\t\t<\/div>\n\t\t\t\t\t<\/div>\n\t\t<\/section>\n\t\t\t\t<section class=\"elementor-section elementor-top-section elementor-element elementor-element-5ade973c elementor-section-items-stretch elementor-section-content-bottom elementor-section-height-min-height elementor-section-boxed elementor-section-height-default\" data-id=\"5ade973c\" data-element_type=\"section\" data-e-type=\"section\">\n\t\t\t\t\t\t<div class=\"elementor-container elementor-column-gap-no\">\n\t\t\t\t\t<div class=\"elementor-column elementor-col-50 elementor-top-column elementor-element elementor-element-7e9b40ce\" data-id=\"7e9b40ce\" data-element_type=\"column\" data-e-type=\"column\">\n\t\t\t<div class=\"elementor-widget-wrap elementor-element-populated\">\n\t\t\t\t\t\t<div class=\"elementor-element elementor-element-5b88d087 elementor-widget-mobile__width-inherit elementor-widget elementor-widget-heading\" data-id=\"5b88d087\" data-element_type=\"widget\" data-e-type=\"widget\" data-widget_type=\"heading.default\">\n\t\t\t\t<div class=\"elementor-widget-container\">\n\t\t\t\t\t<h2 class=\"elementor-heading-title elementor-size-default\">Verimlili\u011finizi art\u0131r\u0131rken maliyetleri d\u00fc\u015f\u00fcr\u00fcn<\/h2>\t\t\t\t<\/div>\n\t\t\t\t<\/div>\n\t\t\t\t<div class=\"elementor-element elementor-element-5e70c8a2 elementor-widget-mobile__width-inherit elementor-widget elementor-widget-text-editor\" data-id=\"5e70c8a2\" data-element_type=\"widget\" data-e-type=\"widget\" data-widget_type=\"text-editor.default\">\n\t\t\t\t<div class=\"elementor-widget-container\">\n\t\t\t\t\t\t\t\t\t<p>Y\u00f6netilen hizmet paketlerimizle, t\u00fcm ba\u015f a\u011fr\u0131lar\u0131n\u0131 sizin i\u00e7in halledece\u011fiz. Art\u0131k sistemleriniz \u00e7al\u0131\u015fmazken telefonda saatler ge\u00e7irmenize, sat\u0131c\u0131 ruleti oynaman\u0131za gerek yok. Biz hallederiz.<\/p>\t\t\t\t\t\t\t\t<\/div>\n\t\t\t\t<\/div>\n\t\t\t\t<div class=\"vamtam-has-theme-widget-styles elementor-element elementor-element-6625dc74 elementor-widget__width-auto elementor-widget-mobile__width-inherit elementor-widget-tablet__width-auto elementor-widget elementor-widget-button\" data-id=\"6625dc74\" data-element_type=\"widget\" data-e-type=\"widget\" data-widget_type=\"button.default\">\n\t\t\t\t<div class=\"elementor-widget-container\">\n\t\t\t\t\t\t\t\t\t<div class=\"elementor-button-wrapper\">\n\t\t\t\t\t<a class=\"elementor-button elementor-button-link elementor-size-sm\" href=\"#form\">\n\t\t\t\t\t\t<span class=\"elementor-button-content-wrapper\">\n\t\t\t\t\t\t\t\t\t<span class=\"elementor-button-text\">\u00dccretsiz dan\u0131\u015fmanl\u0131k al\u0131n<\/span>\n\t\t\t\t\t<\/span>\n\t\t\t\t\t<\/a>\n\t\t\t\t<\/div>\n\t\t\t\t\t\t\t\t<\/div>\n\t\t\t\t<\/div>\n\t\t\t\t\t<\/div>\n\t\t<\/div>\n\t\t\t\t<div class=\"elementor-column elementor-col-50 elementor-top-column elementor-element elementor-element-d74f87c\" data-id=\"d74f87c\" data-element_type=\"column\" data-e-type=\"column\" data-settings=\"{&quot;background_background&quot;:&quot;classic&quot;}\">\n\t\t\t<div class=\"elementor-widget-wrap elementor-element-populated\">\n\t\t\t\t\t\t<div class=\"elementor-element elementor-element-55dcf79a elementor-widget elementor-widget-spacer\" data-id=\"55dcf79a\" data-element_type=\"widget\" data-e-type=\"widget\" data-widget_type=\"spacer.default\">\n\t\t\t\t<div class=\"elementor-widget-container\">\n\t\t\t\t\t\t\t<div class=\"elementor-spacer\">\n\t\t\t<div class=\"elementor-spacer-inner\"><\/div>\n\t\t<\/div>\n\t\t\t\t\t\t<\/div>\n\t\t\t\t<\/div>\n\t\t\t\t\t<\/div>\n\t\t<\/div>\n\t\t\t\t\t<\/div>\n\t\t<\/section>\n\t\t<div class=\"elementor-element elementor-element-43ecd3d e-flex e-con-boxed e-con e-parent\" data-id=\"43ecd3d\" data-element_type=\"container\" data-e-type=\"container\">\n\t\t\t\t\t<div class=\"e-con-inner\">\n\t\t\t\t\t<\/div>\n\t\t\t\t<\/div>\n\t\t\t\t<\/div>","protected":false},"excerpt":{"rendered":"<p>E-Commerce Take your business to new heights with our dependable and efficient technology solutions. Get a Free consultation Wizutech is your trusted partner in online solutions, providing tailored platform management, secure payment integrations, and data-driven strategies to streamline your business. Our goal is to enhance your operations, increase sales, and save you invaluable time and&#8230;<\/p>","protected":false},"author":14,"featured_media":0,"parent":0,"menu_order":0,"comment_status":"closed","ping_status":"closed","template":"","meta":{"footnotes":""},"class_list":["post-988334","page","type-page","status-publish","hentry"],"_links":{"self":[{"href":"https:\/\/www.wizutech.com\/tr\/wp-json\/wp\/v2\/pages\/988334","targetHints":{"allow":["GET"]}}],"collection":[{"href":"https:\/\/www.wizutech.com\/tr\/wp-json\/wp\/v2\/pages"}],"about":[{"href":"https:\/\/www.wizutech.com\/tr\/wp-json\/wp\/v2\/types\/page"}],"author":[{"embeddable":true,"href":"https:\/\/www.wizutech.com\/tr\/wp-json\/wp\/v2\/users\/14"}],"replies":[{"embeddable":true,"href":"https:\/\/www.wizutech.com\/tr\/wp-json\/wp\/v2\/comments?post=988334"}],"version-history":[{"count":52,"href":"https:\/\/www.wizutech.com\/tr\/wp-json\/wp\/v2\/pages\/988334\/revisions"}],"predecessor-version":[{"id":989780,"href":"https:\/\/www.wizutech.com\/tr\/wp-json\/wp\/v2\/pages\/988334\/revisions\/989780"}],"wp:attachment":[{"href":"https:\/\/www.wizutech.com\/tr\/wp-json\/wp\/v2\/media?parent=988334"}],"curies":[{"name":"wp","href":"https:\/\/api.w.org\/{rel}","templated":true}]}}