{"id":1314,"date":"2023-03-14T14:21:56","date_gmt":"2023-03-14T14:21:56","guid":{"rendered":"https:\/\/tecnologia.vamtam.com\/?page_id=1314"},"modified":"2023-09-26T23:55:24","modified_gmt":"2023-09-26T20:55:24","slug":"faq","status":"publish","type":"page","link":"https:\/\/www.wizutech.com\/tr\/sss\/","title":{"rendered":"SSS"},"content":{"rendered":"<div data-elementor-type=\"wp-page\" data-elementor-id=\"1314\" class=\"elementor elementor-1314\" data-elementor-post-type=\"page\">\n\t\t\t\t\t\t<section class=\"elementor-section elementor-top-section elementor-element elementor-element-a668bb8 elementor-section-boxed elementor-section-height-default elementor-section-height-default\" data-id=\"a668bb8\" data-element_type=\"section\" data-e-type=\"section\">\n\t\t\t\t\t\t<div class=\"elementor-container elementor-column-gap-default\">\n\t\t\t\t\t<div class=\"elementor-column elementor-col-100 elementor-top-column elementor-element elementor-element-4410990\" data-id=\"4410990\" data-element_type=\"column\" data-e-type=\"column\">\n\t\t\t<div class=\"elementor-widget-wrap elementor-element-populated\">\n\t\t\t\t\t\t<div class=\"elementor-element elementor-element-09e697d animated-slow elementor-invisible elementor-widget elementor-widget-heading\" data-id=\"09e697d\" data-element_type=\"widget\" data-e-type=\"widget\" data-settings=\"{&quot;_animation&quot;:&quot;fadeIn&quot;,&quot;_animation_tablet&quot;:&quot;none&quot;}\" data-widget_type=\"heading.default\">\n\t\t\t\t<div class=\"elementor-widget-container\">\n\t\t\t\t\t<h1 class=\"elementor-heading-title elementor-size-default\">S\u0131k\u00e7a Sorulan Sorular<\/h1>\t\t\t\t<\/div>\n\t\t\t\t<\/div>\n\t\t\t\t<div class=\"elementor-element elementor-element-6740fe5 elementor-widget elementor-widget-spacer\" data-id=\"6740fe5\" data-element_type=\"widget\" data-e-type=\"widget\" data-widget_type=\"spacer.default\">\n\t\t\t\t<div class=\"elementor-widget-container\">\n\t\t\t\t\t\t\t<div class=\"elementor-spacer\">\n\t\t\t<div class=\"elementor-spacer-inner\"><\/div>\n\t\t<\/div>\n\t\t\t\t\t\t<\/div>\n\t\t\t\t<\/div>\n\t\t\t\t\t<\/div>\n\t\t<\/div>\n\t\t\t\t\t<\/div>\n\t\t<\/section>\n\t\t\t\t<section class=\"elementor-section elementor-top-section elementor-element elementor-element-d87787f elementor-section-boxed elementor-section-height-default elementor-section-height-default\" data-id=\"d87787f\" data-element_type=\"section\" data-e-type=\"section\">\n\t\t\t\t\t\t<div class=\"elementor-container elementor-column-gap-no\">\n\t\t\t\t\t<div class=\"elementor-column elementor-col-100 elementor-top-column elementor-element elementor-element-aadef22\" data-id=\"aadef22\" data-element_type=\"column\" data-e-type=\"column\" data-settings=\"{&quot;background_background&quot;:&quot;classic&quot;}\">\n\t\t\t<div class=\"elementor-widget-wrap elementor-element-populated\">\n\t\t\t\t\t\t<div class=\"vamtam-has-theme-widget-styles elementor-element elementor-element-124be31 elementor-widget elementor-widget-toggle\" data-id=\"124be31\" data-element_type=\"widget\" data-e-type=\"widget\" data-widget_type=\"toggle.default\">\n\t\t\t\t<div class=\"elementor-widget-container\">\n\t\t\t\t\t\t\t<div class=\"elementor-toggle\">\n\t\t\t\t\t\t\t<div class=\"elementor-toggle-item\">\n\t\t\t\t\t<h3 id=\"elementor-tab-title-1911\" class=\"elementor-tab-title\" data-tab=\"1\" role=\"button\" aria-controls=\"elementor-tab-content-1911\" aria-expanded=\"false\">\n\t\t\t\t\t\t\t\t\t\t\t\t<span class=\"elementor-toggle-icon elementor-toggle-icon-right\" aria-hidden=\"true\">\n\t\t\t\t\t\t\t\t\t\t\t\t\t\t\t<span class=\"elementor-toggle-icon-closed\"><i class=\"vamtamtheme- vamtam-theme-plus\"><\/i><\/span>\n\t\t\t\t\t\t\t\t<span class=\"elementor-toggle-icon-opened\"><i class=\"elementor-toggle-icon-opened vamtamtheme- vamtam-theme-minus\"><\/i><\/span>\n\t\t\t\t\t\t\t\t\t\t\t\t\t<\/span>\n\t\t\t\t\t\t\t\t\t\t\t\t<a class=\"elementor-toggle-title\" tabindex=\"0\">\u0130ki temel hizmetiniz nedir?<\/a>\n\t\t\t\t\t<\/h3>\n\n\t\t\t\t\t<div id=\"elementor-tab-content-1911\" class=\"elementor-tab-content elementor-clearfix\" data-tab=\"1\" role=\"region\" aria-labelledby=\"elementor-tab-title-1911\"><p>Tam Y\u00f6netilen BT Hizmetleri - Wizutech, sabit ve \u00f6ng\u00f6r\u00fclebilir bir ayl\u0131k \u00fccret kar\u015f\u0131l\u0131\u011f\u0131nda t\u00fcm BT sistemlerini ve kullan\u0131c\u0131lar\u0131n\u0131 izler, y\u00f6netir, destekler ve g\u00fcvence alt\u0131na al\u0131r.<\/p>\n<p>Birlikte Y\u00f6netilen BT Hizmetleri - Ekibinizin bir uzant\u0131s\u0131 olarak dahili BT'yi destekliyoruz. Bu rol yama, tekrarlayan g\u00f6revler, tek seferlik hizmetler ve \u00f6zel projeleri i\u00e7erir. \u015eirket i\u00e7i BT di\u011fer her \u015feyi y\u00f6netirken biz arka u\u00e7la ilgileniriz.<\/p><\/div>\n\t\t\t\t<\/div>\n\t\t\t\t\t\t\t<div class=\"elementor-toggle-item\">\n\t\t\t\t\t<h3 id=\"elementor-tab-title-1912\" class=\"elementor-tab-title\" data-tab=\"2\" role=\"button\" aria-controls=\"elementor-tab-content-1912\" aria-expanded=\"false\">\n\t\t\t\t\t\t\t\t\t\t\t\t<span class=\"elementor-toggle-icon elementor-toggle-icon-right\" aria-hidden=\"true\">\n\t\t\t\t\t\t\t\t\t\t\t\t\t\t\t<span class=\"elementor-toggle-icon-closed\"><i class=\"vamtamtheme- vamtam-theme-plus\"><\/i><\/span>\n\t\t\t\t\t\t\t\t<span class=\"elementor-toggle-icon-opened\"><i class=\"elementor-toggle-icon-opened vamtamtheme- vamtam-theme-minus\"><\/i><\/span>\n\t\t\t\t\t\t\t\t\t\t\t\t\t<\/span>\n\t\t\t\t\t\t\t\t\t\t\t\t<a class=\"elementor-toggle-title\" tabindex=\"0\">Ba\u015fka hangi hizmetleri sunuyorsunuz?<\/a>\n\t\t\t\t\t<\/h3>\n\n\t\t\t\t\t<div id=\"elementor-tab-content-1912\" class=\"elementor-tab-content elementor-clearfix\" data-tab=\"2\" role=\"region\" aria-labelledby=\"elementor-tab-title-1912\"><p>Siber G\u00fcvenlik<\/p><p>BT Dan\u0131\u015fmanl\u0131\u011f\u0131<\/p><p>Dijital Pazarlama Entegrasyonu<\/p><p>A\u011f Ba\u011flant\u0131s\u0131 (ISP Hizmetleri)<\/p><\/div>\n\t\t\t\t<\/div>\n\t\t\t\t\t\t\t<div class=\"elementor-toggle-item\">\n\t\t\t\t\t<h3 id=\"elementor-tab-title-1913\" class=\"elementor-tab-title\" data-tab=\"3\" role=\"button\" aria-controls=\"elementor-tab-content-1913\" aria-expanded=\"false\">\n\t\t\t\t\t\t\t\t\t\t\t\t<span class=\"elementor-toggle-icon elementor-toggle-icon-right\" aria-hidden=\"true\">\n\t\t\t\t\t\t\t\t\t\t\t\t\t\t\t<span class=\"elementor-toggle-icon-closed\"><i class=\"vamtamtheme- vamtam-theme-plus\"><\/i><\/span>\n\t\t\t\t\t\t\t\t<span class=\"elementor-toggle-icon-opened\"><i class=\"elementor-toggle-icon-opened vamtamtheme- vamtam-theme-minus\"><\/i><\/span>\n\t\t\t\t\t\t\t\t\t\t\t\t\t<\/span>\n\t\t\t\t\t\t\t\t\t\t\t\t<a class=\"elementor-toggle-title\" tabindex=\"0\">Hangi i\u015f sorunlar\u0131n\u0131 \u00e7\u00f6z\u00fcyorsunuz?<\/a>\n\t\t\t\t\t<\/h3>\n\n\t\t\t\t\t<div id=\"elementor-tab-content-1913\" class=\"elementor-tab-content elementor-clearfix\" data-tab=\"3\" role=\"region\" aria-labelledby=\"elementor-tab-title-1913\"><p style=\"text-align: left;\">Wizutech, BT stratejisi ve uyum rehberli\u011fi ile liderlik ederek, BT sa\u011flay\u0131c\u0131 sekt\u00f6r\u00fcndeki iki b\u00fcy\u00fck bo\u015flu\u011fu doldurmaktad\u0131r. Bu uzmanl\u0131k m\u00fc\u015fterilere yard\u0131mc\u0131 olur:<\/p>\n<ul>\n<li style=\"text-align: left;\">Zamandan ve paradan tasarruf edin ve k\u00e2rl\u0131l\u0131\u011f\u0131 art\u0131r\u0131n.<\/li>\n<li style=\"text-align: left;\">\u00c7al\u0131\u015fanlar\u0131n hayal k\u0131r\u0131kl\u0131\u011f\u0131n\u0131 azalt\u0131n ve ekip moralini iyile\u015ftirin.<\/li>\n<li style=\"text-align: left;\">Veri ihlallerine, fidye yaz\u0131l\u0131m sald\u0131r\u0131lar\u0131na ve yasal risklere kar\u015f\u0131 savunmay\u0131 g\u00fc\u00e7lendirin.<\/li>\n<li style=\"text-align: left;\">Daha d\u00fc\u015f\u00fck siber g\u00fcvenlik ve uyumluluk riski<\/li>\n<\/ul><\/div>\n\t\t\t\t<\/div>\n\t\t\t\t\t\t\t<div class=\"elementor-toggle-item\">\n\t\t\t\t\t<h3 id=\"elementor-tab-title-1914\" class=\"elementor-tab-title\" data-tab=\"4\" role=\"button\" aria-controls=\"elementor-tab-content-1914\" aria-expanded=\"false\">\n\t\t\t\t\t\t\t\t\t\t\t\t<span class=\"elementor-toggle-icon elementor-toggle-icon-right\" aria-hidden=\"true\">\n\t\t\t\t\t\t\t\t\t\t\t\t\t\t\t<span class=\"elementor-toggle-icon-closed\"><i class=\"vamtamtheme- vamtam-theme-plus\"><\/i><\/span>\n\t\t\t\t\t\t\t\t<span class=\"elementor-toggle-icon-opened\"><i class=\"elementor-toggle-icon-opened vamtamtheme- vamtam-theme-minus\"><\/i><\/span>\n\t\t\t\t\t\t\t\t\t\t\t\t\t<\/span>\n\t\t\t\t\t\t\t\t\t\t\t\t<a class=\"elementor-toggle-title\" tabindex=\"0\">Temel hizmetleriniz nelerdir?<\/a>\n\t\t\t\t\t<\/h3>\n\n\t\t\t\t\t<div id=\"elementor-tab-content-1914\" class=\"elementor-tab-content elementor-clearfix\" data-tab=\"4\" role=\"region\" aria-labelledby=\"elementor-tab-title-1914\"><p>Temel Hizmetler, her Tam Y\u00f6netilen BT Hizmet Seviyesi S\u00f6zle\u015fmesinde yer alan sabit, temel kaynaklard\u0131r.<\/p><ul><li>vCIO - Dijital d\u00f6n\u00fc\u015f\u00fcm\u00fcn\u00fcz\u00fc ilerletmek i\u00e7in hesap incelemeleri ve BT yol haritalar\u0131 ile stratejik y\u00f6nlendirme, b\u00fct\u00e7eleme, planlama ve dan\u0131\u015fmanl\u0131k hizmetleri.<br \/>Managed Services Concierge - T\u00fcm hesap detaylar\u0131 i\u00e7in irtibat noktan\u0131z. Bu g\u00fcvenilir dan\u0131\u015fman, vCIO'nuz ile hizmet ekibi aras\u0131nda oyun kurucudur ve BT hizmetleri, faturalar ve karar verme, i\u015fbirli\u011fi, \u00fcretkenlik, uyumluluk, i\u015f s\u00fcreklili\u011fi, g\u00fcvenlik ve verimlili\u011fi destekleyen her i\u015f sa\u011flayan teknoloji par\u00e7as\u0131 hakk\u0131ndaki sorular\u0131 y\u00f6netir.<\/li><li>M\u00fc\u015fteri Y\u00f6netim Ara\u00e7lar\u0131 - Profesyonel Hizmetler Otomasyonu, Biletleme, CRM, Uzaktan Y\u00f6netim ve \u0130zleme, Dok\u00fcmantasyon, \u0130leti\u015fim, Bildirim ve Veri Gizlili\u011fi.<\/li><li>Sat\u0131c\u0131 Teknik Yard\u0131m\u0131 - Olay d\u00fczeltme, bilet a\u00e7ma, talepleri y\u00fckseltme veya BT ortam\u0131n\u0131zdaki olaylar\u0131 \u00e7\u00f6zmek i\u00e7in \u00e7al\u0131\u015fmak \u00fczere di\u011fer teknoloji sat\u0131c\u0131lar\u0131n\u0131zla do\u011frudan etkile\u015fime giriyoruz.<\/li><li>Ayr\u0131ca, ortam\u0131n\u0131zla ilgili temel sorular\u0131 yan\u0131tlayacak veya m\u00fc\u015fteri taraf\u0131ndan onayland\u0131\u011f\u0131nda bir fotokopi makinesi, bir g\u00fcvenlik kameras\u0131 sat\u0131c\u0131s\u0131 i\u00e7in IP adresleri tahsis etmek veya bir sat\u0131c\u0131n\u0131n hizmeti i\u00e7in a\u011f trafi\u011fine izin vermek gibi sat\u0131c\u0131n\u0131n talep etti\u011fi sistemlere eri\u015fim sa\u011flayaca\u011f\u0131z.<\/li><li>Bu yard\u0131m donan\u0131m \u00fcreticilerini, yaz\u0131l\u0131m geli\u015ftirme firmalar\u0131n\u0131, bulut hizmeti sa\u011flay\u0131c\u0131lar\u0131n\u0131, \u0130SS'leri, telekom\u00fcnikasyon arac\u0131lar\u0131n\u0131, yaz\u0131c\u0131 ve fotokopi \u015firketlerini ve yerel kuryeleri kapsamaktad\u0131r.<\/li><li>Tedarik Hizmetleri - Tecnologia, \u00fcr\u00fcnleri yaln\u0131zca yetkili kanallardan temin eder ve i\u015fletme s\u0131n\u0131f\u0131 \u00e7\u00f6z\u00fcmler \u00f6nerir. Ayr\u0131ca yap\u0131land\u0131rma se\u00e7eneklerini belirler, uygun kayd\u0131 sa\u011flar, lisanslama ve garantileri y\u00f6netir ve t\u00fcm \u00fcr\u00fcnlerin orijinal oldu\u011funu garanti ederiz.<br \/>A\u011f Y\u00f6netimi - \u0130zleme, Y\u00f6netim, Raporlama, Alan Ad\u0131 ve SSL Sertifika Y\u00f6netimi, Uzaktan Olay Giderme ve Yerinde Olay Giderme.<\/li><\/ul><p>Bir m\u00fc\u015fterinin birden fazla konumu varsa - geni\u015fletilmi\u015f A\u011f Y\u00f6netimi ve Sat\u0131c\u0131 Teknik Yard\u0131m gereksinimleri ile - ek Temel Hizmetler \u00fccretleri uygulanacakt\u0131r.<\/p><\/div>\n\t\t\t\t<\/div>\n\t\t\t\t\t\t\t<div class=\"elementor-toggle-item\">\n\t\t\t\t\t<h3 id=\"elementor-tab-title-1915\" class=\"elementor-tab-title\" data-tab=\"5\" role=\"button\" aria-controls=\"elementor-tab-content-1915\" aria-expanded=\"false\">\n\t\t\t\t\t\t\t\t\t\t\t\t<span class=\"elementor-toggle-icon elementor-toggle-icon-right\" aria-hidden=\"true\">\n\t\t\t\t\t\t\t\t\t\t\t\t\t\t\t<span class=\"elementor-toggle-icon-closed\"><i class=\"vamtamtheme- vamtam-theme-plus\"><\/i><\/span>\n\t\t\t\t\t\t\t\t<span class=\"elementor-toggle-icon-opened\"><i class=\"elementor-toggle-icon-opened vamtamtheme- vamtam-theme-minus\"><\/i><\/span>\n\t\t\t\t\t\t\t\t\t\t\t\t\t<\/span>\n\t\t\t\t\t\t\t\t\t\t\t\t<a class=\"elementor-toggle-title\" tabindex=\"0\">Sen nas\u0131l farkl\u0131s\u0131n?<\/a>\n\t\t\t\t\t<\/h3>\n\n\t\t\t\t\t<div id=\"elementor-tab-content-1915\" class=\"elementor-tab-content elementor-clearfix\" data-tab=\"5\" role=\"region\" aria-labelledby=\"elementor-tab-title-1915\"><p>Wizutech, performans\u0131 art\u0131rmak ve riski azaltmak i\u00e7in standartlara ve en iyi uygulamalara dayal\u0131 kan\u0131tlanm\u0131\u015f bir BT s\u00fcrecine strateji ve b\u00fct\u00e7e uygulamay\u0131 seven b\u00fcy\u00fcyen kurulu\u015flarla se\u00e7ici bir \u015fekilde ortakl\u0131k kurar.<\/p>\n<p>Wizutech, bir vCIO ile d\u00fczenli olarak planlanan Stratejik \u0130\u015f \u0130ncelemelerinde m\u00fc\u015fterilerimize aktif olarak kat\u0131larak ve tavsiyelerde bulunarak g\u00fc\u00e7l\u00fc, sessiz ve g\u00fcvenli BT sistemleri olu\u015fturur ve s\u00fcrd\u00fcr\u00fcr.<\/p>\n<p>\u00c7o\u011fu Wizutech lokasyonu yeni m\u00fc\u015fteri al\u0131mlar\u0131n\u0131 ayda iki ile s\u0131n\u0131rland\u0131rmaktad\u0131r. Bu yakla\u015f\u0131m, m\u00fc\u015fterilerimiz i\u00e7in ili\u015fkinin \u00f6mr\u00fc boyunca artan bir i\u015fletme kald\u0131rac\u0131 yaratan kapsaml\u0131, veriye dayal\u0131 kalite kontrollerini - \u00f6n u\u00e7ta - kurmam\u0131z\u0131 sa\u011flar.<\/p><\/div>\n\t\t\t\t<\/div>\n\t\t\t\t\t\t\t<div class=\"elementor-toggle-item\">\n\t\t\t\t\t<h3 id=\"elementor-tab-title-1916\" class=\"elementor-tab-title\" data-tab=\"6\" role=\"button\" aria-controls=\"elementor-tab-content-1916\" aria-expanded=\"false\">\n\t\t\t\t\t\t\t\t\t\t\t\t<span class=\"elementor-toggle-icon elementor-toggle-icon-right\" aria-hidden=\"true\">\n\t\t\t\t\t\t\t\t\t\t\t\t\t\t\t<span class=\"elementor-toggle-icon-closed\"><i class=\"vamtamtheme- vamtam-theme-plus\"><\/i><\/span>\n\t\t\t\t\t\t\t\t<span class=\"elementor-toggle-icon-opened\"><i class=\"elementor-toggle-icon-opened vamtamtheme- vamtam-theme-minus\"><\/i><\/span>\n\t\t\t\t\t\t\t\t\t\t\t\t\t<\/span>\n\t\t\t\t\t\t\t\t\t\t\t\t<a class=\"elementor-toggle-title\" tabindex=\"0\">Duyarl\u0131l\u0131\u011f\u0131 nas\u0131l en \u00fcst d\u00fczeye \u00e7\u0131kar\u0131rs\u0131n\u0131z?<\/a>\n\t\t\t\t\t<\/h3>\n\n\t\t\t\t\t<div id=\"elementor-tab-content-1916\" class=\"elementor-tab-content elementor-clearfix\" data-tab=\"6\" role=\"region\" aria-labelledby=\"elementor-tab-title-1916\"><p>Wizutech tasar\u0131m olarak duyarl\u0131d\u0131r. BT sistemlerinin mimarisini ve ya\u015fam d\u00f6ng\u00fcs\u00fc y\u00f6netimini bilgilendirmek i\u00e7in standartlara dayal\u0131 bir yakla\u015f\u0131m izlemenin de\u011ferini takdir eden kurulu\u015flarla ortakl\u0131k yap\u0131yoruz.<\/p>\n<p>Bu uyum, m\u00fc\u015fterilerin s\u00fcrekli, reaktif, acil durum m\u00fcdahalesi gerektirmeyen i\u015f optimize edici teknolojinin keyfini \u00e7\u0131karmalar\u0131n\u0131 sa\u011flar - b\u00f6ylece i\u015flerini b\u00fcy\u00fctmeye odaklanmak i\u00e7in daha fazla zamanlar\u0131 olur.<\/p>\n<p>Kullan\u0131c\u0131lar\u0131n deste\u011fe do\u011frudan eri\u015fimini sa\u011fl\u0131yoruz, bu da darbo\u011fazlar\u0131 ortadan kald\u0131r\u0131yor ve e\u011fitim bo\u015fluklar\u0131n\u0131 belirlemek ve sistem iyile\u015ftirmeleri \u00f6nermek i\u00e7in veri ve i\u00e7g\u00f6r\u00fc toplamam\u0131za olanak tan\u0131yor.<\/p>\n<p>Hizmet Seviyesi Anla\u015fmam\u0131z, m\u00fc\u015fteri konular\u0131n\u0131 ve yan\u0131t s\u00fcrelerini P1, P2, P3 ve P4'e g\u00f6re \u00f6nceliklendirir. \u00d6nemli bir sunucu veya bulut uygulamas\u0131 kesintisi P1'dir.<\/p>\n<p>Parola s\u0131f\u0131rlamaya yard\u0131mc\u0131 olmak bir P4't\u00fcr. \u0130yi haber: Size self servis bir parola \u00e7\u00f6z\u00fcm\u00fc ayarlayabiliriz, b\u00f6ylece bilet a\u00e7man\u0131za gerek kalmaz.<\/p>\n<p>Sonu\u00e7, bile\u015fik faiz kavram\u0131na benzer. Zaman i\u00e7inde s\u00fcrece yat\u0131r\u0131m yapt\u0131\u011f\u0131n\u0131zda, hem hizmet kalitesi hem de yan\u0131t verebilirlik artar. Yat\u0131r\u0131m yapmamak (veya ge\u00e7 ba\u015flamak) aray\u0131 kapatmay\u0131 imkans\u0131z hale getirir.<\/p><\/div>\n\t\t\t\t<\/div>\n\t\t\t\t\t\t\t<div class=\"elementor-toggle-item\">\n\t\t\t\t\t<h3 id=\"elementor-tab-title-1917\" class=\"elementor-tab-title\" data-tab=\"7\" role=\"button\" aria-controls=\"elementor-tab-content-1917\" aria-expanded=\"false\">\n\t\t\t\t\t\t\t\t\t\t\t\t<span class=\"elementor-toggle-icon elementor-toggle-icon-right\" aria-hidden=\"true\">\n\t\t\t\t\t\t\t\t\t\t\t\t\t\t\t<span class=\"elementor-toggle-icon-closed\"><i class=\"vamtamtheme- vamtam-theme-plus\"><\/i><\/span>\n\t\t\t\t\t\t\t\t<span class=\"elementor-toggle-icon-opened\"><i class=\"elementor-toggle-icon-opened vamtamtheme- vamtam-theme-minus\"><\/i><\/span>\n\t\t\t\t\t\t\t\t\t\t\t\t\t<\/span>\n\t\t\t\t\t\t\t\t\t\t\t\t<a class=\"elementor-toggle-title\" tabindex=\"0\">Odakland\u0131\u011f\u0131n\u0131z sekt\u00f6r nedir?<\/a>\n\t\t\t\t\t<\/h3>\n\n\t\t\t\t\t<div id=\"elementor-tab-content-1917\" class=\"elementor-tab-content elementor-clearfix\" data-tab=\"7\" role=\"region\" aria-labelledby=\"elementor-tab-title-1917\"><p>A\u015fa\u011f\u0131daki dikey sekt\u00f6rlerde operasyonel olarak olgunla\u015fm\u0131\u015f kurulu\u015flar:<\/p><ul><li>Profesyonel<\/li><li>HizmetlerCPA<\/li><li>Yasal<\/li><li>Finans<\/li><li>Sigorta<\/li><li>Gayrimenkul<\/li><li>Dan\u0131\u015fmanl\u0131k<\/li><li>\u00dcretim<\/li><li>Sa\u011fl\u0131k Hizmetleri<\/li><li>K\u00e2r Amac\u0131 G\u00fctmeyen<\/li><\/ul><\/div>\n\t\t\t\t<\/div>\n\t\t\t\t\t\t\t\t<\/div>\n\t\t\t\t\t\t<\/div>\n\t\t\t\t<\/div>\n\t\t\t\t\t<\/div>\n\t\t<\/div>\n\t\t\t\t\t<\/div>\n\t\t<\/section>\n\t\t\t\t<\/div>","protected":false},"excerpt":{"rendered":"<p>S\u0131k\u00e7a Sorulan Sorular \u0130ki temel hizmetiniz nedir? Tam Y\u00f6netilen BT Hizmetleri - Wizutech, sabit ve \u00f6ng\u00f6r\u00fclebilir bir ayl\u0131k \u00fccret kar\u015f\u0131l\u0131\u011f\u0131nda t\u00fcm BT sistemlerini ve kullan\u0131c\u0131lar\u0131n\u0131 izler, y\u00f6netir, destekler ve g\u00fcvence alt\u0131na al\u0131r. Birlikte Y\u00f6netilen BT Hizmetleri - Ekibinizin bir uzant\u0131s\u0131 olarak dahili BT'yi destekliyoruz. Bu rol yama, tekrarlayan g\u00f6revler, tek seferlik hizmetler ve \u00f6zel projeleri i\u00e7erir....<\/p>","protected":false},"author":1,"featured_media":0,"parent":0,"menu_order":0,"comment_status":"closed","ping_status":"closed","template":"","meta":{"footnotes":""},"class_list":["post-1314","page","type-page","status-publish","hentry"],"_links":{"self":[{"href":"https:\/\/www.wizutech.com\/tr\/wp-json\/wp\/v2\/pages\/1314","targetHints":{"allow":["GET"]}}],"collection":[{"href":"https:\/\/www.wizutech.com\/tr\/wp-json\/wp\/v2\/pages"}],"about":[{"href":"https:\/\/www.wizutech.com\/tr\/wp-json\/wp\/v2\/types\/page"}],"author":[{"embeddable":true,"href":"https:\/\/www.wizutech.com\/tr\/wp-json\/wp\/v2\/users\/1"}],"replies":[{"embeddable":true,"href":"https:\/\/www.wizutech.com\/tr\/wp-json\/wp\/v2\/comments?post=1314"}],"version-history":[{"count":3,"href":"https:\/\/www.wizutech.com\/tr\/wp-json\/wp\/v2\/pages\/1314\/revisions"}],"predecessor-version":[{"id":987867,"href":"https:\/\/www.wizutech.com\/tr\/wp-json\/wp\/v2\/pages\/1314\/revisions\/987867"}],"wp:attachment":[{"href":"https:\/\/www.wizutech.com\/tr\/wp-json\/wp\/v2\/media?parent=1314"}],"curies":[{"name":"wp","href":"https:\/\/api.w.org\/{rel}","templated":true}]}}